{"id":63,"date":"2025-07-10T20:01:58","date_gmt":"2025-07-10T20:01:58","guid":{"rendered":"https:\/\/www.kotkabaari.fi\/?post_type=product&#038;p=63"},"modified":"2025-07-15T13:46:03","modified_gmt":"2025-07-15T13:46:03","slug":"kanaa-riisilla","status":"publish","type":"product","link":"https:\/\/www.kotkabaari.fi\/index.php\/tuote\/kanaa-riisilla\/","title":{"rendered":"Kanaa riisill\u00e4(N\u00e4m\u00e4 ovat testiruokia verkkokaupassa) (Test foods to webshop)"},"content":{"rendered":"<p>Herkkulista kanaa riisill\u00e4 ja kastikeella.<\/p>\n<p>&nbsp;<\/p>\n<p><img data-recalc-dims=\"1\" decoding=\"async\" class=\"alignnone size-full wp-image-64\" src=\"https:\/\/i0.wp.com\/www.kotkabaari.fi\/wp-content\/uploads\/2025\/07\/Kanaa-riisilla.jpeg?resize=276%2C183\" alt=\"\" width=\"276\" height=\"183\" \/><\/p>\n","protected":false},"excerpt":{"rendered":"<p>Kanaa riisill\u00e4<img decoding=\"async\" class=\"alignnone size-full wp-image-64\" src=\"http:\/\/www.kotkabaari.fi\/wp-content\/uploads\/2025\/07\/Kanaa-riisilla.jpeg\" alt=\"\" width=\"276\" height=\"183\" \/><\/p>\n","protected":false},"featured_media":64,"comment_status":"open","ping_status":"closed","template":"","meta":{"jetpack_publicize_message":"","jetpack_publicize_feature_enabled":true,"jetpack_social_post_already_shared":false,"jetpack_social_options":{"image_generator_settings":{"template":"highway","default_image_id":0,"font":"","enabled":false},"version":2}},"product_brand":[],"product_cat":[19],"product_tag":[17,18],"class_list":{"0":"post-63","1":"product","2":"type-product","3":"status-publish","4":"has-post-thumbnail","6":"product_cat-kanaruuuat","7":"product_tag-kanaa","8":"product_tag-riisilla","10":"first","11":"instock","12":"taxable","13":"shipping-taxable","14":"purchasable","15":"product-type-simple"},"jetpack_publicize_connections":[],"jetpack_sharing_enabled":true,"_links":{"self":[{"href":"https:\/\/www.kotkabaari.fi\/index.php\/wp-json\/wp\/v2\/product\/63","targetHints":{"allow":["GET"]}}],"collection":[{"href":"https:\/\/www.kotkabaari.fi\/index.php\/wp-json\/wp\/v2\/product"}],"about":[{"href":"https:\/\/www.kotkabaari.fi\/index.php\/wp-json\/wp\/v2\/types\/product"}],"replies":[{"embeddable":true,"href":"https:\/\/www.kotkabaari.fi\/index.php\/wp-json\/wp\/v2\/comments?post=63"}],"wp:featuredmedia":[{"embeddable":true,"href":"https:\/\/www.kotkabaari.fi\/index.php\/wp-json\/wp\/v2\/media\/64"}],"wp:attachment":[{"href":"https:\/\/www.kotkabaari.fi\/index.php\/wp-json\/wp\/v2\/media?parent=63"}],"wp:term":[{"taxonomy":"product_brand","embeddable":true,"href":"https:\/\/www.kotkabaari.fi\/index.php\/wp-json\/wp\/v2\/product_brand?post=63"},{"taxonomy":"product_cat","embeddable":true,"href":"https:\/\/www.kotkabaari.fi\/index.php\/wp-json\/wp\/v2\/product_cat?post=63"},{"taxonomy":"product_tag","embeddable":true,"href":"https:\/\/www.kotkabaari.fi\/index.php\/wp-json\/wp\/v2\/product_tag?post=63"}],"curies":[{"name":"wp","href":"https:\/\/api.w.org\/{rel}","templated":true}]}}